{"id":13602,"date":"2021-08-06T10:14:06","date_gmt":"2021-08-06T13:14:06","guid":{"rendered":"https:\/\/colegioinmaculada.com.ar\/portal\/?page_id=13602"},"modified":"2025-08-27T12:49:07","modified_gmt":"2025-08-27T15:49:07","slug":"autoridades-t-o-f","status":"publish","type":"page","link":"https:\/\/colegioinmaculada.com.ar\/portal\/autoridades-t-o-f\/","title":{"rendered":"AUTORIDADES O.F.S."},"content":{"rendered":"<h1 class=\"title\" style=\"text-align: center;\"><span style=\"color: #000000;\"><strong>Autoridades de Consejo <\/strong><\/span><\/h1>\n<h1 class=\"title\" style=\"text-align: center;\"><span style=\"color: #000000;\"><strong>\u00abFraternidad Santa Rosa de Viterbo\u00bb<\/strong><\/span><\/h1>\n<h2 style=\"text-align: center;\">Trie\u00f1o 2025 &#8211; 2026<\/h2>\n<p>&nbsp;<\/p>\n<p>&nbsp;<\/p>\n<p style=\"text-align: center;\"><strong>Ministra:<br \/>\n<\/strong>Susana Altamira<\/p>\n<div class=\"entry\" style=\"text-align: center;\">\n<p style=\"text-align: center;\"><strong>Vice Ministro:<\/strong><strong><br \/>\n<\/strong>Claudio Sosa<\/p>\n<p style=\"text-align: center;\"><strong>Secretaria:<\/strong><br \/>\nGraciela V\u00e9lez<\/p>\n<p style=\"text-align: center;\"><strong>Prosecretaria:<br \/>\n<\/strong>Carolina Paredes<\/p>\n<p style=\"text-align: center;\"><strong>Tesorera:<br \/>\n<\/strong>M\u00f3nica Juarez<\/p>\n<p style=\"text-align: center;\"><strong>Protesorera:<br \/>\n<\/strong>Lyda Dianda<\/p>\n<p style=\"text-align: center;\"><strong>Encargado de formaci\u00f3n:<br \/>\n<\/strong>Marcos Gomez<\/p>\n<p style=\"text-align: center;\"><strong>Encargada de JPIC:<br \/>\n<\/strong>Tr\u00e1nsito Ju\u00e1rez<\/p>\n<p style=\"text-align: center;\"><strong>Revisor de cuentas:<br \/>\n<\/strong>Mario Zanguellini<\/p>\n<p>Patricia Garc\u00eda<\/p>\n<\/div>\n","protected":false},"excerpt":{"rendered":"<p>Autoridades de Consejo \u00abFraternidad Santa Rosa de Viterbo\u00bb Trie\u00f1o 2025 &#8211; 2026 &nbsp; &nbsp; Ministra: Susana Altamira Vice Ministro: Claudio Sosa Secretaria: Graciela V\u00e9lez Prosecretaria: Carolina Paredes Tesorera: M\u00f3nica Juarez Protesorera: Lyda Dianda Encargado de formaci\u00f3n: Marcos Gomez Encargada de JPIC: Tr\u00e1nsito Ju\u00e1rez Revisor de cuentas: Mario Zanguellini Patricia Garc\u00eda<\/p>\n","protected":false},"author":4,"featured_media":0,"parent":0,"menu_order":0,"comment_status":"closed","ping_status":"closed","template":"","meta":{"_acf_changed":false,"footnotes":""},"class_list":["post-13602","page","type-page","status-publish","hentry"],"acf":[],"_links":{"self":[{"href":"https:\/\/colegioinmaculada.com.ar\/portal\/wp-json\/wp\/v2\/pages\/13602","targetHints":{"allow":["GET"]}}],"collection":[{"href":"https:\/\/colegioinmaculada.com.ar\/portal\/wp-json\/wp\/v2\/pages"}],"about":[{"href":"https:\/\/colegioinmaculada.com.ar\/portal\/wp-json\/wp\/v2\/types\/page"}],"author":[{"embeddable":true,"href":"https:\/\/colegioinmaculada.com.ar\/portal\/wp-json\/wp\/v2\/users\/4"}],"replies":[{"embeddable":true,"href":"https:\/\/colegioinmaculada.com.ar\/portal\/wp-json\/wp\/v2\/comments?post=13602"}],"version-history":[{"count":15,"href":"https:\/\/colegioinmaculada.com.ar\/portal\/wp-json\/wp\/v2\/pages\/13602\/revisions"}],"predecessor-version":[{"id":43665,"href":"https:\/\/colegioinmaculada.com.ar\/portal\/wp-json\/wp\/v2\/pages\/13602\/revisions\/43665"}],"wp:attachment":[{"href":"https:\/\/colegioinmaculada.com.ar\/portal\/wp-json\/wp\/v2\/media?parent=13602"}],"curies":[{"name":"wp","href":"https:\/\/api.w.org\/{rel}","templated":true}]}}