{"id":13590,"date":"2021-08-06T09:35:42","date_gmt":"2021-08-06T12:35:42","guid":{"rendered":"https:\/\/colegioinmaculada.com.ar\/portal\/?page_id=13590"},"modified":"2025-09-05T13:22:52","modified_gmt":"2025-09-05T16:22:52","slug":"que-es-la-tercera-orden-franciscana","status":"publish","type":"page","link":"https:\/\/colegioinmaculada.com.ar\/portal\/que-es-la-tercera-orden-franciscana\/","title":{"rendered":"QU\u00c9 ES LA TERCERA ORDEN FRANCISCANA"},"content":{"rendered":"<div id=\"content\">\n<div class=\"post\">\n<div class=\"entry\">\n<h1 class=\"title\"><strong>LA TERCERA ORDEN FRANCISCANA<\/strong><\/h1>\n<p>Entre las familias espirituales en la Iglesia Cat\u00f3lica se encuentra la Familia Franciscana, que comprende a aquellos miembros del pueblo de Dios que se sienten llamados al seguimiento de Cristo, tras las huellas de San Francisco de As\u00eds.\u00a0 En esta familia espiritual se ubica la Tercera Orden Franciscana (u Orden Franciscana Seglar), formada por la uni\u00f3n org\u00e1nica de todas las fraternidades seglares locales; una de ellas es la nuestra, que es la propietaria del Colegio de la Inmaculada, y lleva por nombre \u201cFraternidad Santa Rosa de Viterbo\u201d.<\/p>\n<p><img loading=\"lazy\" decoding=\"async\" class=\"wp-image-43867 alignright\" src=\"https:\/\/colegioinmaculada.com.ar\/portal\/wp-content\/uploads\/2025\/09\/santa-rosa-de-viterbo-449x640.jpg\" alt=\"\" width=\"269\" height=\"384\" srcset=\"https:\/\/colegioinmaculada.com.ar\/portal\/wp-content\/uploads\/2025\/09\/santa-rosa-de-viterbo-449x640.jpg 449w, https:\/\/colegioinmaculada.com.ar\/portal\/wp-content\/uploads\/2025\/09\/santa-rosa-de-viterbo.jpg 500w\" sizes=\"auto, (max-width: 269px) 100vw, 269px\" \/><\/p>\n<p>En la Tercera Orden Franciscana cada hermano seglar se compromete, al realizar su Profesi\u00f3n, a vivir el Evangelio a la manera de San Francisco en su estado seglar, observando la Regla de la Orden Franciscana Seglar aprobada por la Iglesia.<\/p>\n<\/div>\n<p>La Regla y vida de los franciscanos seglares es esta: guardar el<\/p>\n<p>Santo Evangelio de Nuestro Se\u00f1or Jesucristo y por esta raz\u00f3n se procura pasar del Evangelio a la vida y de la vida al Evangelio. Buscamos la persona viviente de Cristo en los hermanos, en las Escrituras, en la Iglesia y en las acciones lit\u00fargicas. En comuni\u00f3n con el Santo Padre y todos nuestros pastores deseamos anunciar a Cristo con la vida y la palabra.<\/p>\n<p>Porque somos conscientes de nuestra fragilidad es que procuramos convertimos a Jes\u00fas cada d\u00eda y por ellos procuramos que la oraci\u00f3n y la contemplaci\u00f3n sean el alma de nuestro propio ser y obrar. Imitando a la Virgen Mar\u00eda en su disponibilidad, en su seguimiento a Jes\u00fas pobre y crucificado, en su vida simple y humana, y sabi\u00e9ndonos forasteros y peregrinos hacia la Casa del Padre, deseamos acoger a todos los hombres y mujeres con \u00e1nimo humilde y cort\u00e9s, como un don del Se\u00f1or para construir un mundo mas fraterno.<\/p>\n<p>Nos sentimos comprometidos en la promoci\u00f3n de la justicia que es el \u00fanico camino que conduce hacia la paz, y por eso valoramos el trabajo como un don de Dios y como participaci\u00f3n de la creaci\u00f3n, redenci\u00f3n y servicio de la comunidad humana.<\/p>\n<p>Portadores de paz indagamos los caminos de la unidad y de la inteligencia fraterna mediante el di\u00e1logo. Mensajeros de la perfecta alegr\u00eda queremos llevar a los dem\u00e1s el gozo y la esperanza. Nuestra Fraternidad \u201cSanto Rosa de Viterbo\u201d, de la Orden Franciscana Seglar, consciente de que el amor a Dios se refleja en el amor al pr\u00f3jimo, acept\u00f3 como actividad apost\u00f3lica destacada en su misi\u00f3n, la educaci\u00f3n de ni\u00f1os y j\u00f3venes a trav\u00e9s del Colegio de la Inmaculada a los fines de que los mismos se abran a la comunidad y adquieran conciencia de ser miembros vivos y activos del pueblo de Dios, implementando en el mismo un proceso educativo cristiano como la impronta del carisma franciscano dirigido a la promoci\u00f3n de todo el hombre, centrado en la persona de Cristo. Esta pedagog\u00eda franciscana genera la actitud fraterna de asumir una clara conciencia de ser llamados a actuar como agentes positivos de cambio, como personas comprometidas en la construcci\u00f3n de la paz y el bien, abiertas a los valores \u00e9ticos y trascendentes y respetuosas de cada semejante, que jerarquizan los valores del Evangelio fraternalmente mediante una convivencia basada en el esp\u00edritu de pobreza evang\u00e9lica, minoridad, conversi\u00f3n, familia, alegr\u00eda y apertura.<\/p>\n<\/div>\n<\/div>\n","protected":false},"excerpt":{"rendered":"<p>LA TERCERA ORDEN FRANCISCANA Entre las familias espirituales en la Iglesia Cat\u00f3lica se encuentra la Familia Franciscana, que comprende a aquellos miembros del pueblo de Dios que se sienten llamados al seguimiento de Cristo, tras las huellas de San Francisco de As\u00eds.\u00a0 En esta familia espiritual se ubica la Tercera Orden Franciscana (u Orden Franciscana [&hellip;]<\/p>\n","protected":false},"author":4,"featured_media":0,"parent":0,"menu_order":0,"comment_status":"closed","ping_status":"closed","template":"","meta":{"_acf_changed":false,"footnotes":""},"class_list":["post-13590","page","type-page","status-publish","hentry"],"acf":[],"_links":{"self":[{"href":"https:\/\/colegioinmaculada.com.ar\/portal\/wp-json\/wp\/v2\/pages\/13590","targetHints":{"allow":["GET"]}}],"collection":[{"href":"https:\/\/colegioinmaculada.com.ar\/portal\/wp-json\/wp\/v2\/pages"}],"about":[{"href":"https:\/\/colegioinmaculada.com.ar\/portal\/wp-json\/wp\/v2\/types\/page"}],"author":[{"embeddable":true,"href":"https:\/\/colegioinmaculada.com.ar\/portal\/wp-json\/wp\/v2\/users\/4"}],"replies":[{"embeddable":true,"href":"https:\/\/colegioinmaculada.com.ar\/portal\/wp-json\/wp\/v2\/comments?post=13590"}],"version-history":[{"count":8,"href":"https:\/\/colegioinmaculada.com.ar\/portal\/wp-json\/wp\/v2\/pages\/13590\/revisions"}],"predecessor-version":[{"id":43869,"href":"https:\/\/colegioinmaculada.com.ar\/portal\/wp-json\/wp\/v2\/pages\/13590\/revisions\/43869"}],"wp:attachment":[{"href":"https:\/\/colegioinmaculada.com.ar\/portal\/wp-json\/wp\/v2\/media?parent=13590"}],"curies":[{"name":"wp","href":"https:\/\/api.w.org\/{rel}","templated":true}]}}