{"id":13408,"date":"2021-07-27T11:20:20","date_gmt":"2021-07-27T14:20:20","guid":{"rendered":"https:\/\/colegioinmaculada.com.ar\/portal\/?page_id=13408"},"modified":"2025-08-27T10:21:37","modified_gmt":"2025-08-27T13:21:37","slug":"certificado-unico-de-salud-cus","status":"publish","type":"page","link":"https:\/\/colegioinmaculada.com.ar\/portal\/certificado-unico-de-salud-cus\/","title":{"rendered":"Certificado \u00danico de Salud (CUS) &#8211; Ficha M\u00e9dica"},"content":{"rendered":"<p>Estimadas familias, acercamos el formulario del Certificado \u00danico de Salud (C.U.S.) que deben completar como parte de los requisitos de matriculaci\u00f3n.<\/p>\n<p>Aqu\u00ed el enlace para descargarlo:<\/p>\n<h1 style=\"text-align: center;\"><a href=\"https:\/\/colegioinmaculada.com.ar\/portal\/wp-content\/uploads\/2025\/08\/CUS-2025-1.pdf\">DESCARGAR<\/a><\/h1>\n<p>&nbsp;<\/p>\n<p>&nbsp;<\/p>\n","protected":false},"excerpt":{"rendered":"<p>Estimadas familias, acercamos el formulario del Certificado \u00danico de Salud (C.U.S.) que deben completar como parte de los requisitos de matriculaci\u00f3n. Aqu\u00ed el enlace para descargarlo: DESCARGAR &nbsp; &nbsp;<\/p>\n","protected":false},"author":4,"featured_media":43614,"parent":0,"menu_order":0,"comment_status":"closed","ping_status":"closed","template":"","meta":{"_acf_changed":false,"footnotes":""},"class_list":["post-13408","page","type-page","status-publish","has-post-thumbnail","hentry"],"acf":[],"_links":{"self":[{"href":"https:\/\/colegioinmaculada.com.ar\/portal\/wp-json\/wp\/v2\/pages\/13408","targetHints":{"allow":["GET"]}}],"collection":[{"href":"https:\/\/colegioinmaculada.com.ar\/portal\/wp-json\/wp\/v2\/pages"}],"about":[{"href":"https:\/\/colegioinmaculada.com.ar\/portal\/wp-json\/wp\/v2\/types\/page"}],"author":[{"embeddable":true,"href":"https:\/\/colegioinmaculada.com.ar\/portal\/wp-json\/wp\/v2\/users\/4"}],"replies":[{"embeddable":true,"href":"https:\/\/colegioinmaculada.com.ar\/portal\/wp-json\/wp\/v2\/comments?post=13408"}],"version-history":[{"count":5,"href":"https:\/\/colegioinmaculada.com.ar\/portal\/wp-json\/wp\/v2\/pages\/13408\/revisions"}],"predecessor-version":[{"id":43657,"href":"https:\/\/colegioinmaculada.com.ar\/portal\/wp-json\/wp\/v2\/pages\/13408\/revisions\/43657"}],"wp:featuredmedia":[{"embeddable":true,"href":"https:\/\/colegioinmaculada.com.ar\/portal\/wp-json\/wp\/v2\/media\/43614"}],"wp:attachment":[{"href":"https:\/\/colegioinmaculada.com.ar\/portal\/wp-json\/wp\/v2\/media?parent=13408"}],"curies":[{"name":"wp","href":"https:\/\/api.w.org\/{rel}","templated":true}]}}