{"id":13283,"date":"2021-07-08T11:12:37","date_gmt":"2021-07-08T14:12:37","guid":{"rendered":"https:\/\/colegioinmaculada.com.ar\/portal\/?page_id=13283"},"modified":"2021-07-30T08:04:16","modified_gmt":"2021-07-30T11:04:16","slug":"sitios-catolicos-de-interes","status":"publish","type":"page","link":"https:\/\/colegioinmaculada.com.ar\/portal\/sitios-catolicos-de-interes\/","title":{"rendered":"Sitios Cat\u00f3licos de inter\u00e9s"},"content":{"rendered":"<p style=\"text-align: center;\"><a href=\"https:\/\/www.vaticannews.va\/es.html\" target=\"_blank\" rel=\"noopener\"><img loading=\"lazy\" decoding=\"async\" class=\"wp-image-13284 size-full alignnone\" src=\"https:\/\/colegioinmaculada.com.ar\/portal\/wp-content\/uploads\/2021\/07\/VNews.png\" alt=\"\" width=\"119\" height=\"119\" \/> <\/a><\/p>\n<p>&nbsp;<\/p>\n<p style=\"text-align: center;\"><strong>Vatican News<\/strong> es el portal oficial de la Iglesia Cat\u00f3lica en el cual se pueden leer las \u00faltimas noticias sobre el Papa Francisco, la Santa Sede y la Iglesia en el mundo.<\/p>\n<p style=\"text-align: center;\"><a href=\"https:\/\/aica.org\" target=\"_blank\" rel=\"noopener\"><img loading=\"lazy\" decoding=\"async\" class=\"wp-image-13285 size-full alignnone\" src=\"https:\/\/colegioinmaculada.com.ar\/portal\/wp-content\/uploads\/2021\/07\/aica.png\" alt=\"\" width=\"172\" height=\"73\" \/><\/a><\/p>\n<p style=\"text-align: center;\"><strong>AICA<\/strong>\u00a0es una agencia de\u00a0noticias\u00a0cat\u00f3lica que distribuye diariamente un servicio con informaci\u00f3n de la Iglesia en la Argentina, en Latinoam\u00e9rica y en el mundo.<\/p>\n<p style=\"text-align: center;\"><a href=\"http:\/\/www.arzobispadocba.org.ar\" target=\"_blank\" rel=\"noopener\"><img loading=\"lazy\" decoding=\"async\" class=\"wp-image-13287 alignnone\" src=\"https:\/\/colegioinmaculada.com.ar\/portal\/wp-content\/uploads\/2021\/07\/ARQ-CBA1.jpg\" alt=\"\" width=\"173\" height=\"173\" \/><\/a><\/p>\n<p style=\"text-align: center;\">Esta es la pagina oficial de la <strong>Arquidi\u00f3cesis de C\u00f3rdoba<\/strong>.<br \/>\nComo Iglesia que peregrina en C\u00f3rdoba salimos a acortar distancias con las personas que est\u00e1n en la red.<\/p>\n<p style=\"text-align: center;\"><a href=\"https:\/\/ofm.org\/es\/orden\/\" target=\"_blank\" rel=\"noopener\"><img loading=\"lazy\" decoding=\"async\" class=\"wp-image-13288 size-full alignnone\" src=\"https:\/\/colegioinmaculada.com.ar\/portal\/wp-content\/uploads\/2021\/07\/OFM-.png\" alt=\"\" width=\"223\" height=\"68\" \/><\/a><\/p>\n<p style=\"text-align: center;\">Web oficial de la <strong>Orden de los Hermanos Menores<\/strong>, fundada por San Francisco de As\u00eds, es una Fraternidad.<\/p>\n<p style=\"text-align: center;\">Los Hermanos Franciscanos se entregan totalmente a Dios.<\/p>\n<p style=\"text-align: center;\">\n","protected":false},"excerpt":{"rendered":"<p>&nbsp; Vatican News es el portal oficial de la Iglesia Cat\u00f3lica en el cual se pueden leer las \u00faltimas noticias sobre el Papa Francisco, la Santa Sede y la Iglesia en el mundo. AICA\u00a0es una agencia de\u00a0noticias\u00a0cat\u00f3lica que distribuye diariamente un servicio con informaci\u00f3n de la Iglesia en la Argentina, en Latinoam\u00e9rica y en el [&hellip;]<\/p>\n","protected":false},"author":4,"featured_media":0,"parent":0,"menu_order":0,"comment_status":"closed","ping_status":"closed","template":"","meta":{"_acf_changed":false,"footnotes":""},"class_list":["post-13283","page","type-page","status-publish","hentry"],"acf":[],"_links":{"self":[{"href":"https:\/\/colegioinmaculada.com.ar\/portal\/wp-json\/wp\/v2\/pages\/13283","targetHints":{"allow":["GET"]}}],"collection":[{"href":"https:\/\/colegioinmaculada.com.ar\/portal\/wp-json\/wp\/v2\/pages"}],"about":[{"href":"https:\/\/colegioinmaculada.com.ar\/portal\/wp-json\/wp\/v2\/types\/page"}],"author":[{"embeddable":true,"href":"https:\/\/colegioinmaculada.com.ar\/portal\/wp-json\/wp\/v2\/users\/4"}],"replies":[{"embeddable":true,"href":"https:\/\/colegioinmaculada.com.ar\/portal\/wp-json\/wp\/v2\/comments?post=13283"}],"version-history":[{"count":8,"href":"https:\/\/colegioinmaculada.com.ar\/portal\/wp-json\/wp\/v2\/pages\/13283\/revisions"}],"predecessor-version":[{"id":13493,"href":"https:\/\/colegioinmaculada.com.ar\/portal\/wp-json\/wp\/v2\/pages\/13283\/revisions\/13493"}],"wp:attachment":[{"href":"https:\/\/colegioinmaculada.com.ar\/portal\/wp-json\/wp\/v2\/media?parent=13283"}],"curies":[{"name":"wp","href":"https:\/\/api.w.org\/{rel}","templated":true}]}}