{"id":13228,"date":"2021-07-01T16:46:00","date_gmt":"2021-07-01T19:46:00","guid":{"rendered":"https:\/\/colegioinmaculada.com.ar\/portal\/?page_id=13228"},"modified":"2025-08-27T15:13:03","modified_gmt":"2025-08-27T18:13:03","slug":"contacto-nivel-secundario","status":"publish","type":"page","link":"https:\/\/colegioinmaculada.com.ar\/portal\/contacto-nivel-secundario\/","title":{"rendered":"Contacto Nivel Secundario"},"content":{"rendered":"<h3 style=\"text-align: center;\"><span style=\"color: #000000;\"><strong>Tel\u00e9fonos del Colegio:<\/strong><\/span><\/h3>\n<p style=\"text-align: center;\"><img loading=\"lazy\" decoding=\"async\" class=\"wp-image-43653 alignnone\" src=\"https:\/\/colegioinmaculada.com.ar\/portal\/wp-content\/uploads\/2025\/08\/telefono.png\" alt=\"\" width=\"36\" height=\"37\" \/>(0351) 422-8529\u00a0 \u00a0 \/\/\u00a0 \u00a0(0351) 421-7215\u00a0 \u00a0\/\/\u00a0 \u00a0(0351) 421-5128<\/p>\n<p>&nbsp;<\/p>\n<h3 style=\"text-align: center;\"><strong><span style=\"color: #000000;\">Para tr\u00e1mites que necesiten de Secretar\u00eda de Nivel Secundario:<\/span><\/strong><\/h3>\n<p style=\"text-align: center;\"><img loading=\"lazy\" decoding=\"async\" class=\"wp-image-43652 alignnone\" src=\"https:\/\/colegioinmaculada.com.ar\/portal\/wp-content\/uploads\/2025\/08\/correo.png\" alt=\"\" width=\"30\" height=\"30\" \/>secretariasecundario@colegiodelainmaculada.edu.ar<\/p>\n<p>&nbsp;<\/p>\n<h3 style=\"text-align: center;\"><strong><span style=\"color: #000000;\">Para consultas v\u00eda whatsapp con la l\u00ednea del Nivel Secundario:<\/span><\/strong><\/h3>\n<p style=\"text-align: center;\"><img loading=\"lazy\" decoding=\"async\" class=\"wp-image-43654 alignnone\" src=\"https:\/\/colegioinmaculada.com.ar\/portal\/wp-content\/uploads\/2025\/08\/whatsapp.png\" alt=\"\" width=\"41\" height=\"41\" \/>0351-156-534233<\/p>\n<p>&nbsp;<\/p>\n<h3 style=\"text-align: center;\"><strong><span style=\"color: #000000;\">Para contactarse con la Direcci\u00f3n del Nivel Secundario:<\/span><\/strong><\/h3>\n<p style=\"text-align: center;\"><img loading=\"lazy\" decoding=\"async\" class=\"wp-image-43652 alignnone\" src=\"https:\/\/colegioinmaculada.com.ar\/portal\/wp-content\/uploads\/2025\/08\/correo.png\" alt=\"\" width=\"28\" height=\"28\" \/>ednivelmedio@colegiodelainmaculada.edu.ar<\/p>\n<h3 style=\"text-align: center;\"><strong><span style=\"color: #000000;\">Para contactarse con Administraci\u00f3n del Colegio:<\/span><\/strong><\/h3>\n<p style=\"text-align: center;\"><img loading=\"lazy\" decoding=\"async\" class=\"wp-image-43652 alignnone\" src=\"https:\/\/colegioinmaculada.com.ar\/portal\/wp-content\/uploads\/2025\/08\/correo.png\" alt=\"\" width=\"28\" height=\"28\" \/>administracion@colegioinmaculada.com.ar<\/p>\n<p>&nbsp;<\/p>\n<h2 style=\"text-align: center;\"><span style=\"color: #0000ff;\"><strong>Los saludamos en Paz y Bien.<\/strong><\/span><\/h2>\n","protected":false},"excerpt":{"rendered":"<p>Tel\u00e9fonos del Colegio: (0351) 422-8529\u00a0 \u00a0 \/\/\u00a0 \u00a0(0351) 421-7215\u00a0 \u00a0\/\/\u00a0 \u00a0(0351) 421-5128 &nbsp; Para tr\u00e1mites que necesiten de Secretar\u00eda de Nivel Secundario: secretariasecundario@colegiodelainmaculada.edu.ar &nbsp; Para consultas v\u00eda whatsapp con la l\u00ednea del Nivel Secundario: 0351-156-534233 &nbsp; Para contactarse con la Direcci\u00f3n del Nivel Secundario: ednivelmedio@colegiodelainmaculada.edu.ar Para contactarse con Administraci\u00f3n del Colegio: administracion@colegioinmaculada.com.ar &nbsp; Los saludamos [&hellip;]<\/p>\n","protected":false},"author":4,"featured_media":0,"parent":0,"menu_order":0,"comment_status":"closed","ping_status":"closed","template":"","meta":{"_acf_changed":false,"footnotes":""},"class_list":["post-13228","page","type-page","status-publish","hentry"],"acf":[],"_links":{"self":[{"href":"https:\/\/colegioinmaculada.com.ar\/portal\/wp-json\/wp\/v2\/pages\/13228","targetHints":{"allow":["GET"]}}],"collection":[{"href":"https:\/\/colegioinmaculada.com.ar\/portal\/wp-json\/wp\/v2\/pages"}],"about":[{"href":"https:\/\/colegioinmaculada.com.ar\/portal\/wp-json\/wp\/v2\/types\/page"}],"author":[{"embeddable":true,"href":"https:\/\/colegioinmaculada.com.ar\/portal\/wp-json\/wp\/v2\/users\/4"}],"replies":[{"embeddable":true,"href":"https:\/\/colegioinmaculada.com.ar\/portal\/wp-json\/wp\/v2\/comments?post=13228"}],"version-history":[{"count":4,"href":"https:\/\/colegioinmaculada.com.ar\/portal\/wp-json\/wp\/v2\/pages\/13228\/revisions"}],"predecessor-version":[{"id":43683,"href":"https:\/\/colegioinmaculada.com.ar\/portal\/wp-json\/wp\/v2\/pages\/13228\/revisions\/43683"}],"wp:attachment":[{"href":"https:\/\/colegioinmaculada.com.ar\/portal\/wp-json\/wp\/v2\/media?parent=13228"}],"curies":[{"name":"wp","href":"https:\/\/api.w.org\/{rel}","templated":true}]}}