{"id":13220,"date":"2021-07-01T16:36:08","date_gmt":"2021-07-01T19:36:08","guid":{"rendered":"https:\/\/colegioinmaculada.com.ar\/portal\/?page_id=13220"},"modified":"2023-04-05T09:36:04","modified_gmt":"2023-04-05T12:36:04","slug":"programas-nivel-secundario","status":"publish","type":"page","link":"https:\/\/colegioinmaculada.com.ar\/portal\/programas-nivel-secundario\/","title":{"rendered":"Programas Nivel Secundario"},"content":{"rendered":"<p>Ingresando en el respectivo enlace, encontrar\u00e1n los programas de cada curso en formato PDF. Recordamos que para poder leer ese material es necesario tener un lector de archivos PDF.<\/p>\n<h2 style=\"text-align: center;\">CICLO B\u00c1SICO<\/h2>\n<p style=\"text-align: center;\">Programas materias PRIMER A\u00d1O<br \/>\nAcceso &#8212;&gt; <a href=\"https:\/\/drive.google.com\/drive\/folders\/1jA-6ap1M-cwUdAAVukHvroE5_siFiJG-\" target=\"_blank\" rel=\"noopener\">AQU\u00cd<\/a><\/p>\n<p style=\"text-align: center;\">Programas materias SEGUNDO A\u00d1O<br \/>\nAcceso &#8212;&gt; <a href=\"https:\/\/drive.google.com\/drive\/folders\/1Xy5mJFJE9u4z_nTgh_iKMQ_qUTWlf38y\" target=\"_blank\" rel=\"noopener\">AQU\u00cd<\/a><\/p>\n<p style=\"text-align: center;\">Programas materias TERCER A\u00d1O<br \/>\nAcceso &#8212;&gt; <a href=\"https:\/\/drive.google.com\/drive\/folders\/13rh9HyM4TBH1mzu9WW-TzDacXSNbTQw-\" target=\"_blank\" rel=\"noopener\">AQU\u00cd<\/a><\/p>\n<hr \/>\n<h2 style=\"text-align: center;\">CICLO ORIENTADO<\/h2>\n<p style=\"text-align: center;\">Programas materias CUARTO A\u00d1O<br \/>\nAcceso &#8212;&gt; <a href=\"https:\/\/drive.google.com\/drive\/folders\/14re2WgiGH5kf5YbzegtI_FYAz8XkG5vE\" target=\"_blank\" rel=\"noopener\">AQU\u00cd<\/a><\/p>\n<p style=\"text-align: center;\">Programas materias QUINTO A\u00d1O<br \/>\nAcceso &#8212;&gt; <a href=\"https:\/\/drive.google.com\/drive\/folders\/1tEqFAXwhLm_8EIUuy8MLhmy3OcXdIwcr\" target=\"_blank\" rel=\"noopener\">AQU\u00cd<\/a><\/p>\n<p style=\"text-align: center;\">Programas materias SEXTO A\u00d1O<br \/>\nAcceso &#8212;&gt; <a href=\"https:\/\/drive.google.com\/drive\/folders\/1fRhVlg0_ZpSmtwo9Mg7ppoG1ON5Eh3E0\" target=\"_blank\" rel=\"noopener\">AQU\u00cd<\/a><\/p>\n<hr \/>\n<p style=\"text-align: center;\">Programas materias Todos los Niveles<br \/>\nAcceso &#8212;&gt; <a href=\"https:\/\/drive.google.com\/drive\/folders\/1cXStWbqeSAHw8KgE-Tco4dzNrFjpz0FT\" target=\"_blank\" rel=\"noopener\">AQU\u00cd<\/a><\/p>\n","protected":false},"excerpt":{"rendered":"<p>Ingresando en el respectivo enlace, encontrar\u00e1n los programas de cada curso en formato PDF. Recordamos que para poder leer ese material es necesario tener un lector de archivos PDF. CICLO B\u00c1SICO Programas materias PRIMER A\u00d1O Acceso &#8212;&gt; AQU\u00cd Programas materias SEGUNDO A\u00d1O Acceso &#8212;&gt; AQU\u00cd Programas materias TERCER A\u00d1O Acceso &#8212;&gt; AQU\u00cd CICLO ORIENTADO Programas [&hellip;]<\/p>\n","protected":false},"author":4,"featured_media":0,"parent":0,"menu_order":0,"comment_status":"closed","ping_status":"closed","template":"","meta":{"_acf_changed":false,"footnotes":""},"class_list":["post-13220","page","type-page","status-publish","hentry"],"acf":[],"_links":{"self":[{"href":"https:\/\/colegioinmaculada.com.ar\/portal\/wp-json\/wp\/v2\/pages\/13220","targetHints":{"allow":["GET"]}}],"collection":[{"href":"https:\/\/colegioinmaculada.com.ar\/portal\/wp-json\/wp\/v2\/pages"}],"about":[{"href":"https:\/\/colegioinmaculada.com.ar\/portal\/wp-json\/wp\/v2\/types\/page"}],"author":[{"embeddable":true,"href":"https:\/\/colegioinmaculada.com.ar\/portal\/wp-json\/wp\/v2\/users\/4"}],"replies":[{"embeddable":true,"href":"https:\/\/colegioinmaculada.com.ar\/portal\/wp-json\/wp\/v2\/comments?post=13220"}],"version-history":[{"count":8,"href":"https:\/\/colegioinmaculada.com.ar\/portal\/wp-json\/wp\/v2\/pages\/13220\/revisions"}],"predecessor-version":[{"id":28477,"href":"https:\/\/colegioinmaculada.com.ar\/portal\/wp-json\/wp\/v2\/pages\/13220\/revisions\/28477"}],"wp:attachment":[{"href":"https:\/\/colegioinmaculada.com.ar\/portal\/wp-json\/wp\/v2\/media?parent=13220"}],"curies":[{"name":"wp","href":"https:\/\/api.w.org\/{rel}","templated":true}]}}