{"id":13217,"date":"2021-07-01T16:00:26","date_gmt":"2021-07-01T19:00:26","guid":{"rendered":"https:\/\/colegioinmaculada.com.ar\/portal\/?page_id=13217"},"modified":"2024-08-07T12:08:01","modified_gmt":"2024-08-07T15:08:01","slug":"matricula-ciclo-lectivo-2025","status":"publish","type":"page","link":"https:\/\/colegioinmaculada.com.ar\/portal\/matricula-ciclo-lectivo-2025\/","title":{"rendered":"Matr\u00edcula Ciclo Lectivo 2025 &#8211; NIVEL SECUNDARIO"},"content":{"rendered":"<div class=\"accordionContentCssClass\">\n<p>SOLICITUD DE INGRESO AL NIVEL SECUNDARIO CICLO 2025<\/p>\n<p>Sres Padres:<\/p>\n<p>A partir de agosto, se encuentra habilitado el formulario de<strong> nuevos<\/strong> aspirantes para el ingreso al Nivel Secundario 2025, para 1\u00ba, 2\u00ba y 3\u00ba a\u00f1o. Los hermanos de estudiantes que asisten actualmente a la instituci\u00f3n, deber\u00e1n completar el mismo, hasta el 10 de setiembre, por razones organizativas.<\/p>\n<p>Podr\u00e1n acceder directamente a trav\u00e9s del\u00a0 siguiente link\u00a0 \u00a0<a href=\"https:\/\/colegioinmaculada.com.ar\/inmaculadaonline\/app\/0step-1.php\" target=\"_blank\" rel=\"noopener\">https:\/\/colegioinmaculada.com.ar\/inmaculadaonline\/app\/0step-1.php<\/a><\/p>\n<p>Ud. podr\u00e1 acceder a las CONDICIONES DE MATRICULA 2025 <a href=\"https:\/\/drive.google.com\/file\/d\/1S77ckYFx4uJTNZTgAtKtnXcU9IN0gNLu\/view?usp=drive_link\">aqu\u00ed.<\/a><\/p>\n<p>Para consultas: <a href=\"https:\/\/api.whatsapp.com\/send?phone=5493516412382\" target=\"_blank\" rel=\"noopener\">0351-156-412382 (solo WhatsApp)<\/a><br \/>\nCorreo de secretar\u00eda: <a href=\"mailto:secretariasecundario@colegiodelainmaculada.edu.ar\">secretariasecundario@colegiodelainmaculada.edu.ar<\/a><\/p>\n<p>Horario de 8.00 a 12.00 hs.<\/p>\n<p>&nbsp;<\/p>\n<p>Paz y Bien.<\/p>\n<p>Direcci\u00f3n de Nivel Secundario.<\/p>\n<p>&nbsp;<\/p>\n<\/div>\n","protected":false},"excerpt":{"rendered":"<p>SOLICITUD DE INGRESO AL NIVEL SECUNDARIO CICLO 2025 Sres Padres: A partir de agosto, se encuentra habilitado el formulario de nuevos aspirantes para el ingreso al Nivel Secundario 2025, para 1\u00ba, 2\u00ba y 3\u00ba a\u00f1o. Los hermanos de estudiantes que asisten actualmente a la instituci\u00f3n, deber\u00e1n completar el mismo, hasta el 10 de setiembre, por [&hellip;]<\/p>\n","protected":false},"author":4,"featured_media":8682,"parent":0,"menu_order":0,"comment_status":"closed","ping_status":"closed","template":"","meta":{"_acf_changed":false,"footnotes":""},"class_list":["post-13217","page","type-page","status-publish","has-post-thumbnail","hentry"],"acf":[],"_links":{"self":[{"href":"https:\/\/colegioinmaculada.com.ar\/portal\/wp-json\/wp\/v2\/pages\/13217","targetHints":{"allow":["GET"]}}],"collection":[{"href":"https:\/\/colegioinmaculada.com.ar\/portal\/wp-json\/wp\/v2\/pages"}],"about":[{"href":"https:\/\/colegioinmaculada.com.ar\/portal\/wp-json\/wp\/v2\/types\/page"}],"author":[{"embeddable":true,"href":"https:\/\/colegioinmaculada.com.ar\/portal\/wp-json\/wp\/v2\/users\/4"}],"replies":[{"embeddable":true,"href":"https:\/\/colegioinmaculada.com.ar\/portal\/wp-json\/wp\/v2\/comments?post=13217"}],"version-history":[{"count":19,"href":"https:\/\/colegioinmaculada.com.ar\/portal\/wp-json\/wp\/v2\/pages\/13217\/revisions"}],"predecessor-version":[{"id":37012,"href":"https:\/\/colegioinmaculada.com.ar\/portal\/wp-json\/wp\/v2\/pages\/13217\/revisions\/37012"}],"wp:featuredmedia":[{"embeddable":true,"href":"https:\/\/colegioinmaculada.com.ar\/portal\/wp-json\/wp\/v2\/media\/8682"}],"wp:attachment":[{"href":"https:\/\/colegioinmaculada.com.ar\/portal\/wp-json\/wp\/v2\/media?parent=13217"}],"curies":[{"name":"wp","href":"https:\/\/api.w.org\/{rel}","templated":true}]}}