{"id":13208,"date":"2021-07-01T15:49:00","date_gmt":"2021-07-01T18:49:00","guid":{"rendered":"https:\/\/colegioinmaculada.com.ar\/portal\/?page_id=13208"},"modified":"2025-09-01T12:26:33","modified_gmt":"2025-09-01T15:26:33","slug":"acuerdos-escolares-de-convivencia-nivel-secundario-aec","status":"publish","type":"page","link":"https:\/\/colegioinmaculada.com.ar\/portal\/acuerdos-escolares-de-convivencia-nivel-secundario-aec\/","title":{"rendered":"Acuerdos Escolares de Convivencia -AEC- Nivel Secundario"},"content":{"rendered":"<p>En nuestra instituci\u00f3n, el prop\u00f3sito fundamental se encuentra claramente definido en los Acuerdos Escolares de Convivencia. Nuestra misi\u00f3n principal es contribuir al desarrollo integral y al crecimiento personal de nuestros estudiantes, as\u00ed como de todos los miembros que componen nuestra comunidad educativa.<\/p>\n<p>Nos proponemos fomentar una visi\u00f3n del ser humano centrada en la caridad, la fraternidad, la alegr\u00eda y la humildad. Aspiramos a lograr un crecimiento arm\u00f3nico, coherente y libre, promoviendo en cada individuo la responsabilidad, la honestidad y la solidaridad. Alentamos a nuestros estudiantes a cultivar la autocr\u00edtica y a establecer est\u00e1ndares exigentes para s\u00ed mismos, reconociendo que el fracaso puede ser un camino hacia el fortalecimiento del esp\u00edritu de lucha y superaci\u00f3n.<\/p>\n<p>Promovemos el respeto profundo hacia los dem\u00e1s y valoramos la importancia de la actualizaci\u00f3n y capacitaci\u00f3n en un ambiente de sana competencia. Nos esforzamos por inculcar valores \u00e9ticos y morales, as\u00ed como por ser transmisores de los principios que constituyen nuestra identidad nacional.<\/p>\n<p>Asimismo, buscamos que nuestros estudiantes desarrollen una fe cristiana s\u00f3lida, fundamentada en la pr\u00e1ctica del franciscanismo, de manera que esta fe sirva como gu\u00eda en todas sus acciones, orient\u00e1ndolos hacia la trascendencia y el bienestar colectivo.<\/p>\n<p>A trav\u00e9s de estos principios, nuestra instituci\u00f3n se compromete a forjar un entorno educativo donde cada individuo pueda crecer, aprender y contribuir positivamente a la sociedad.<\/p>\n<p><iframe loading=\"lazy\" style=\"border: none;\" src=\"https:\/\/docs.google.com\/gview?url=https:\/\/colegioinmaculada.com.ar\/portal\/wp-content\/uploads\/2025\/09\/AEC-Aprobados-nivel-secundario-1.pdf&amp;embedded=true\" width=\"100%\" height=\"800\"><span data-mce-type=\"bookmark\" style=\"display: inline-block; width: 0px; overflow: hidden; line-height: 0;\" class=\"mce_SELRES_start\">\ufeff<\/span><span data-mce-type=\"bookmark\" style=\"display: inline-block; width: 0px; overflow: hidden; line-height: 0;\" class=\"mce_SELRES_start\">\ufeff<\/span><br \/>\n<\/iframe><\/p>\n","protected":false},"excerpt":{"rendered":"<p>En nuestra instituci\u00f3n, el prop\u00f3sito fundamental se encuentra claramente definido en los Acuerdos Escolares de Convivencia. Nuestra misi\u00f3n principal es contribuir al desarrollo integral y al crecimiento personal de nuestros estudiantes, as\u00ed como de todos los miembros que componen nuestra comunidad educativa. Nos proponemos fomentar una visi\u00f3n del ser humano centrada en la caridad, la [&hellip;]<\/p>\n","protected":false},"author":4,"featured_media":0,"parent":0,"menu_order":0,"comment_status":"closed","ping_status":"closed","template":"","meta":{"_acf_changed":false,"footnotes":""},"class_list":["post-13208","page","type-page","status-publish","hentry"],"acf":[],"_links":{"self":[{"href":"https:\/\/colegioinmaculada.com.ar\/portal\/wp-json\/wp\/v2\/pages\/13208","targetHints":{"allow":["GET"]}}],"collection":[{"href":"https:\/\/colegioinmaculada.com.ar\/portal\/wp-json\/wp\/v2\/pages"}],"about":[{"href":"https:\/\/colegioinmaculada.com.ar\/portal\/wp-json\/wp\/v2\/types\/page"}],"author":[{"embeddable":true,"href":"https:\/\/colegioinmaculada.com.ar\/portal\/wp-json\/wp\/v2\/users\/4"}],"replies":[{"embeddable":true,"href":"https:\/\/colegioinmaculada.com.ar\/portal\/wp-json\/wp\/v2\/comments?post=13208"}],"version-history":[{"count":7,"href":"https:\/\/colegioinmaculada.com.ar\/portal\/wp-json\/wp\/v2\/pages\/13208\/revisions"}],"predecessor-version":[{"id":43812,"href":"https:\/\/colegioinmaculada.com.ar\/portal\/wp-json\/wp\/v2\/pages\/13208\/revisions\/43812"}],"wp:attachment":[{"href":"https:\/\/colegioinmaculada.com.ar\/portal\/wp-json\/wp\/v2\/media?parent=13208"}],"curies":[{"name":"wp","href":"https:\/\/api.w.org\/{rel}","templated":true}]}}