{"id":13195,"date":"2021-07-01T15:14:09","date_gmt":"2021-07-01T18:14:09","guid":{"rendered":"https:\/\/colegioinmaculada.com.ar\/portal\/?page_id=13195"},"modified":"2021-07-01T15:14:09","modified_gmt":"2021-07-01T18:14:09","slug":"organizacion-nivel-secundario","status":"publish","type":"page","link":"https:\/\/colegioinmaculada.com.ar\/portal\/organizacion-nivel-secundario\/","title":{"rendered":"Organizaci\u00f3n Nivel Secundario"},"content":{"rendered":"<h2 style=\"text-align: center;\">CICLO B\u00c1SICO<\/h2>\n<p style=\"text-align: center;\">\n<table id=\"ctl00_ContentPlaceHolder1_Table1\" class=\"aligncenter\" style=\"height: 431px;\" border=\"1\" width=\"366\" rules=\"all\">\n<tbody>\n<tr>\n<td>\n<h2>\u00a0PRIMER A\u00d1O<\/h2>\n<\/td>\n<\/tr>\n<tr id=\"ctl00_ContentPlaceHolder1_TableRow1\">\n<td id=\"ctl00_ContentPlaceHolder1_TableCell1\" align=\"center\">Materia<\/td>\n<td id=\"ctl00_ContentPlaceHolder1_TableCell2\" align=\"center\">Horas c\u00e1tedra<\/td>\n<\/tr>\n<tr id=\"ctl00_ContentPlaceHolder1_TableRow2\">\n<td id=\"ctl00_ContentPlaceHolder1_TableCell3\" align=\"left\">\u00a0Lengua y literatura<\/td>\n<td id=\"ctl00_ContentPlaceHolder1_TableCell4\" align=\"center\">5<\/td>\n<\/tr>\n<tr id=\"ctl00_ContentPlaceHolder1_TableRow4\">\n<td id=\"ctl00_ContentPlaceHolder1_TableCell7\" align=\"left\">\u00a0Matem\u00e1tica<\/td>\n<td id=\"ctl00_ContentPlaceHolder1_TableCell8\" align=\"center\">5<\/td>\n<\/tr>\n<tr id=\"ctl00_ContentPlaceHolder1_TableRow5\">\n<td id=\"ctl00_ContentPlaceHolder1_TableCell9\" align=\"left\">\u00a0Ciencias Naturales &#8211; Biolog\u00eda<\/td>\n<td id=\"ctl00_ContentPlaceHolder1_TableCell10\" align=\"center\">3<\/td>\n<\/tr>\n<tr id=\"ctl00_ContentPlaceHolder1_TableRow6\">\n<td id=\"ctl00_ContentPlaceHolder1_TableCell11\" align=\"left\">\u00a0Ciencias Naturales &#8211; F\u00edsica<\/td>\n<td id=\"ctl00_ContentPlaceHolder1_TableCell12\" align=\"center\">3<\/td>\n<\/tr>\n<tr id=\"ctl00_ContentPlaceHolder1_TableRow10\">\n<td id=\"ctl00_ContentPlaceHolder1_TableCell19\" align=\"left\">\u00a0Ciencias Sociales &#8211; Geograf\u00eda<\/td>\n<td id=\"ctl00_ContentPlaceHolder1_TableCell20\" align=\"center\">5<\/td>\n<\/tr>\n<tr id=\"ctl00_ContentPlaceHolder1_TableRow3\">\n<td id=\"ctl00_ContentPlaceHolder1_TableCell5\" align=\"left\">\u00a0Lengua Extranjera &#8211; Ingl\u00e9s<\/td>\n<td id=\"ctl00_ContentPlaceHolder1_TableCell6\" align=\"center\">3<\/td>\n<\/tr>\n<tr id=\"ctl00_ContentPlaceHolder1_TableRow12\">\n<td id=\"ctl00_ContentPlaceHolder1_TableCell23\" align=\"left\">\u00a0Educaci\u00f3n Art\u00edstica<\/td>\n<td id=\"ctl00_ContentPlaceHolder1_TableCell24\" align=\"center\">3<\/td>\n<\/tr>\n<tr id=\"ctl00_ContentPlaceHolder1_TableRow11\">\n<td id=\"ctl00_ContentPlaceHolder1_TableCell21\" align=\"left\">\u00a0Educaci\u00f3n tecnol\u00f3gica<\/td>\n<td id=\"ctl00_ContentPlaceHolder1_TableCell22\" align=\"center\">4<\/td>\n<\/tr>\n<tr id=\"ctl00_ContentPlaceHolder1_TableRow29\">\n<td id=\"ctl00_ContentPlaceHolder1_TableCell56\" align=\"left\">\u00a0Ciudadan\u00eda y Participaci\u00f3n<\/td>\n<td id=\"ctl00_ContentPlaceHolder1_TableCell57\" align=\"center\">3<\/td>\n<\/tr>\n<tr id=\"ctl00_ContentPlaceHolder1_TableRow15\">\n<td id=\"ctl00_ContentPlaceHolder1_TableCell29\" align=\"left\">\u00a0Educaci\u00f3n f\u00edsica<\/td>\n<td id=\"ctl00_ContentPlaceHolder1_TableCell30\" align=\"center\">3<\/td>\n<\/tr>\n<tr id=\"ctl00_ContentPlaceHolder1_TableRow8\">\n<td id=\"ctl00_ContentPlaceHolder1_TableCell15\" align=\"left\">\u00a0Formaci\u00f3n religiosa<\/td>\n<td id=\"ctl00_ContentPlaceHolder1_TableCell16\" align=\"center\">2<\/td>\n<\/tr>\n<tr id=\"ctl00_ContentPlaceHolder1_TableRow16\">\n<td id=\"ctl00_ContentPlaceHolder1_TableCell31\"><\/td>\n<td id=\"ctl00_ContentPlaceHolder1_TableCell32\"><\/td>\n<\/tr>\n<\/tbody>\n<\/table>\n<p style=\"text-align: center;\">\n<p style=\"text-align: center;\">\n<table id=\"ctl00_ContentPlaceHolder1_Table2\" class=\"aligncenter\" style=\"height: 403px;\" border=\"1\" width=\"367\" rules=\"all\">\n<tbody>\n<tr id=\"ctl00_ContentPlaceHolder1_TableRow17\">\n<td id=\"ctl00_ContentPlaceHolder1_TableCell33\">\n<h2>\u00a0SEGUNDO A\u00d1O<\/h2>\n<\/td>\n<\/tr>\n<tr id=\"ctl00_ContentPlaceHolder1_TableRow42\">\n<td id=\"ctl00_ContentPlaceHolder1_TableCell83\" align=\"center\">Materia<\/td>\n<td id=\"ctl00_ContentPlaceHolder1_TableCell84\" align=\"center\">Horas c\u00e1tedra<\/td>\n<\/tr>\n<tr id=\"ctl00_ContentPlaceHolder1_TableRow43\">\n<td id=\"ctl00_ContentPlaceHolder1_TableCell85\" align=\"left\">\u00a0Lengua y Literatura<\/td>\n<td id=\"ctl00_ContentPlaceHolder1_TableCell86\" align=\"center\">5<\/td>\n<\/tr>\n<tr id=\"ctl00_ContentPlaceHolder1_TableRow19\">\n<td id=\"ctl00_ContentPlaceHolder1_TableCell37\" align=\"left\">\u00a0Matem\u00e1tica<\/td>\n<td id=\"ctl00_ContentPlaceHolder1_TableCell38\" align=\"center\">5<\/td>\n<\/tr>\n<tr id=\"ctl00_ContentPlaceHolder1_TableRow26\">\n<td id=\"ctl00_ContentPlaceHolder1_TableCell51\" align=\"left\">\u00a0Ciencias Naturales &#8211; Qu\u00edmica<\/td>\n<td id=\"ctl00_ContentPlaceHolder1_TableCell52\" align=\"center\">3<\/td>\n<\/tr>\n<tr id=\"ctl00_ContentPlaceHolder1_TableRow21\">\n<td id=\"ctl00_ContentPlaceHolder1_TableCell41\" align=\"left\">\u00a0Biolog\u00eda<\/td>\n<td id=\"ctl00_ContentPlaceHolder1_TableCell42\" align=\"center\">3<\/td>\n<\/tr>\n<tr id=\"ctl00_ContentPlaceHolder1_TableRow20\">\n<td id=\"ctl00_ContentPlaceHolder1_TableCell39\" align=\"left\">\u00a0Ciencias Sociales &#8211; Historia<\/td>\n<td id=\"ctl00_ContentPlaceHolder1_TableCell40\" align=\"center\">5<\/td>\n<\/tr>\n<tr id=\"ctl00_ContentPlaceHolder1_TableRow18\">\n<td id=\"ctl00_ContentPlaceHolder1_TableCell35\" align=\"left\">\u00a0Lengua Extranjera &#8211; Ingl\u00e9s<\/td>\n<td id=\"ctl00_ContentPlaceHolder1_TableCell36\" align=\"center\">3<\/td>\n<\/tr>\n<tr id=\"ctl00_ContentPlaceHolder1_TableRow23\">\n<td id=\"ctl00_ContentPlaceHolder1_TableCell45\" align=\"left\">\u00a0Educaci\u00f3n Art\u00edstica<\/td>\n<td id=\"ctl00_ContentPlaceHolder1_TableCell46\" align=\"center\">3<\/td>\n<\/tr>\n<tr id=\"ctl00_ContentPlaceHolder1_TableRow22\">\n<td id=\"ctl00_ContentPlaceHolder1_TableCell43\" align=\"left\">\u00a0Educaci\u00f3n tecnol\u00f3gica<\/td>\n<td id=\"ctl00_ContentPlaceHolder1_TableCell44\" align=\"center\">4<\/td>\n<\/tr>\n<tr id=\"ctl00_ContentPlaceHolder1_TableRow24\">\n<td id=\"ctl00_ContentPlaceHolder1_TableCell47\" align=\"left\">\u00a0Ciudadan\u00eda y participaci\u00f3n<\/td>\n<td id=\"ctl00_ContentPlaceHolder1_TableCell48\" align=\"center\">3<\/td>\n<\/tr>\n<tr id=\"ctl00_ContentPlaceHolder1_TableRow27\">\n<td id=\"ctl00_ContentPlaceHolder1_TableCell53\" align=\"left\">\u00a0Educaci\u00f3n f\u00edsica<\/td>\n<td id=\"ctl00_ContentPlaceHolder1_TableCell54\" align=\"center\">3<\/td>\n<\/tr>\n<tr id=\"ctl00_ContentPlaceHolder1_TableRow44\">\n<td id=\"ctl00_ContentPlaceHolder1_TableCell87\" align=\"left\">\u00a0Formaci\u00f3n religiosa<\/td>\n<td id=\"ctl00_ContentPlaceHolder1_TableCell88\" align=\"center\">2<\/td>\n<\/tr>\n<\/tbody>\n<\/table>\n<p style=\"text-align: center;\">\n<p style=\"text-align: center;\">\n<table id=\"ctl00_ContentPlaceHolder1_Table3\" class=\"aligncenter\" style=\"height: 429px;\" border=\"1\" width=\"366\" rules=\"all\">\n<tbody>\n<tr id=\"ctl00_ContentPlaceHolder1_TableRow81\">\n<td id=\"ctl00_ContentPlaceHolder1_TableCell161\">\n<h2>\u00a0TERCER A\u00d1O<\/h2>\n<\/td>\n<\/tr>\n<tr id=\"ctl00_ContentPlaceHolder1_TableRow82\">\n<td id=\"ctl00_ContentPlaceHolder1_TableCell163\" align=\"center\">Materia<\/td>\n<td id=\"ctl00_ContentPlaceHolder1_TableCell164\" align=\"center\">Horas c\u00e1tedra<\/td>\n<\/tr>\n<tr id=\"ctl00_ContentPlaceHolder1_TableRow47\">\n<td id=\"ctl00_ContentPlaceHolder1_TableCell93\" align=\"left\">\u00a0Lengua y Lituratura<\/td>\n<td id=\"ctl00_ContentPlaceHolder1_TableCell94\" align=\"center\">5<\/td>\n<\/tr>\n<tr id=\"ctl00_ContentPlaceHolder1_TableRow49\">\n<td id=\"ctl00_ContentPlaceHolder1_TableCell97\" align=\"left\">\u00a0Matem\u00e1tica<\/td>\n<td id=\"ctl00_ContentPlaceHolder1_TableCell98\" align=\"center\">5<\/td>\n<\/tr>\n<tr id=\"ctl00_ContentPlaceHolder1_TableRow57\">\n<td id=\"ctl00_ContentPlaceHolder1_TableCell113\" align=\"left\">\u00a0F\u00edsica<\/td>\n<td id=\"ctl00_ContentPlaceHolder1_TableCell114\" align=\"center\">3<\/td>\n<\/tr>\n<tr id=\"ctl00_ContentPlaceHolder1_TableRow50\">\n<td id=\"ctl00_ContentPlaceHolder1_TableCell99\" align=\"left\">\u00a0Qu\u00edmica<\/td>\n<td id=\"ctl00_ContentPlaceHolder1_TableCell100\" align=\"center\">3<\/td>\n<\/tr>\n<tr id=\"ctl00_ContentPlaceHolder1_TableRow28\">\n<td id=\"ctl00_ContentPlaceHolder1_TableCell34\" align=\"left\">\u00a0Geograf\u00eda<\/td>\n<td id=\"ctl00_ContentPlaceHolder1_TableCell55\" align=\"center\">4<\/td>\n<\/tr>\n<tr id=\"ctl00_ContentPlaceHolder1_TableRow52\">\n<td id=\"ctl00_ContentPlaceHolder1_TableCell103\" align=\"left\">\u00a0Historia<\/td>\n<td id=\"ctl00_ContentPlaceHolder1_TableCell104\" align=\"center\">4<\/td>\n<\/tr>\n<tr id=\"ctl00_ContentPlaceHolder1_TableRow48\">\n<td id=\"ctl00_ContentPlaceHolder1_TableCell95\" align=\"left\">\u00a0Lengua Extranjera &#8211; Ingl\u00e9s<\/td>\n<td id=\"ctl00_ContentPlaceHolder1_TableCell96\" align=\"center\">3<\/td>\n<\/tr>\n<tr id=\"ctl00_ContentPlaceHolder1_TableRow54\">\n<td id=\"ctl00_ContentPlaceHolder1_TableCell107\" align=\"left\">\u00a0Educaci\u00f3n Art\u00edstica<\/td>\n<td id=\"ctl00_ContentPlaceHolder1_TableCell108\" align=\"center\">3<\/td>\n<\/tr>\n<tr id=\"ctl00_ContentPlaceHolder1_TableRow53\">\n<td id=\"ctl00_ContentPlaceHolder1_TableCell105\" align=\"left\">\u00a0Educaci\u00f3n tecnol\u00f3gica<\/td>\n<td id=\"ctl00_ContentPlaceHolder1_TableCell106\" align=\"center\">4<\/td>\n<\/tr>\n<tr id=\"ctl00_ContentPlaceHolder1_TableRow55\">\n<td id=\"ctl00_ContentPlaceHolder1_TableCell109\" align=\"left\">\u00a0Formaci\u00f3n para la Vida y el Trabajo<\/td>\n<td id=\"ctl00_ContentPlaceHolder1_TableCell110\" align=\"center\">4<\/td>\n<\/tr>\n<tr id=\"ctl00_ContentPlaceHolder1_TableRow58\">\n<td id=\"ctl00_ContentPlaceHolder1_TableCell115\" align=\"left\">\u00a0Educaci\u00f3n f\u00edsica<\/td>\n<td id=\"ctl00_ContentPlaceHolder1_TableCell116\" align=\"center\">3<\/td>\n<\/tr>\n<tr id=\"ctl00_ContentPlaceHolder1_TableRow59\">\n<td id=\"ctl00_ContentPlaceHolder1_TableCell117\" align=\"left\">\u00a0Formaci\u00f3n religiosa<\/td>\n<td id=\"ctl00_ContentPlaceHolder1_TableCell118\" align=\"center\">2<\/td>\n<\/tr>\n<\/tbody>\n<\/table>\n<p style=\"text-align: center;\">\n<p>&nbsp;<\/p>\n<h2 style=\"text-align: center;\">CICLO ORIENTADO<\/h2>\n<table id=\"ctl00_ContentPlaceHolder1_Table1\" class=\"aligncenter\" style=\"height: 511px;\" border=\"1\" width=\"512\" rules=\"all\">\n<tbody>\n<tr>\n<td>\n<h2>\u00a0CUARTO A\u00d1O<\/h2>\n<\/td>\n<\/tr>\n<tr id=\"ctl00_ContentPlaceHolder1_TableRow1\">\n<td id=\"ctl00_ContentPlaceHolder1_TableCell1\" align=\"center\">Materia<\/td>\n<td id=\"ctl00_ContentPlaceHolder1_TableCell2\" style=\"text-align: center;\" align=\"center\">Horas c\u00e1tedra<\/td>\n<\/tr>\n<tr id=\"ctl00_ContentPlaceHolder1_TableRow2\">\n<td id=\"ctl00_ContentPlaceHolder1_TableCell3\" align=\"left\">\u00a0Matem\u00e1tica<\/td>\n<td id=\"ctl00_ContentPlaceHolder1_TableCell4\" align=\"center\">4<\/td>\n<\/tr>\n<tr id=\"ctl00_ContentPlaceHolder1_TableRow3\">\n<td id=\"ctl00_ContentPlaceHolder1_TableCell5\" align=\"left\">\u00a0Lengua y Literatura<\/td>\n<td id=\"ctl00_ContentPlaceHolder1_TableCell6\" align=\"center\">4<\/td>\n<\/tr>\n<tr id=\"ctl00_ContentPlaceHolder1_TableRow4\">\n<td id=\"ctl00_ContentPlaceHolder1_TableCell7\" align=\"left\">\u00a0Biolog\u00eda<\/td>\n<td id=\"ctl00_ContentPlaceHolder1_TableCell8\" align=\"center\">4<\/td>\n<\/tr>\n<tr id=\"ctl00_ContentPlaceHolder1_TableRow5\">\n<td id=\"ctl00_ContentPlaceHolder1_TableCell9\" align=\"left\">\u00a0Geograf\u00eda<\/td>\n<td id=\"ctl00_ContentPlaceHolder1_TableCell10\" align=\"center\">3<\/td>\n<\/tr>\n<tr id=\"ctl00_ContentPlaceHolder1_TableRow7\">\n<td id=\"ctl00_ContentPlaceHolder1_TableCell13\" align=\"left\">\u00a0Historia<\/td>\n<td id=\"ctl00_ContentPlaceHolder1_TableCell14\" align=\"center\">3<\/td>\n<\/tr>\n<tr id=\"ctl00_ContentPlaceHolder1_TableRow9\">\n<td id=\"ctl00_ContentPlaceHolder1_TableCell17\" align=\"left\">\u00a0Lengua extranjera &#8211; Ingl\u00e9s<\/td>\n<td id=\"ctl00_ContentPlaceHolder1_TableCell18\" align=\"center\">3<\/td>\n<\/tr>\n<tr id=\"ctl00_ContentPlaceHolder1_TableRow10\">\n<td id=\"ctl00_ContentPlaceHolder1_TableCell19\" align=\"left\">\u00a0Educaci\u00f3n Art\u00edstica &#8211; Artes visuales<\/td>\n<td id=\"ctl00_ContentPlaceHolder1_TableCell20\" align=\"center\">3<\/td>\n<\/tr>\n<tr id=\"ctl00_ContentPlaceHolder1_TableRow11\">\n<td id=\"ctl00_ContentPlaceHolder1_TableCell21\" align=\"left\">\u00a0Educaci\u00f3n F\u00edsica<\/td>\n<td id=\"ctl00_ContentPlaceHolder1_TableCell22\" align=\"center\">3<\/td>\n<\/tr>\n<tr id=\"ctl00_ContentPlaceHolder1_TableRow12\">\n<td id=\"ctl00_ContentPlaceHolder1_TableCell23\" align=\"left\">\u00a0Fromaci\u00f3n par la Vida y el Trabajo<\/td>\n<td id=\"ctl00_ContentPlaceHolder1_TableCell24\" align=\"center\">3<\/td>\n<\/tr>\n<tr id=\"ctl00_ContentPlaceHolder1_TableRow13\">\n<td id=\"ctl00_ContentPlaceHolder1_TableCell25\" align=\"left\">\u00a0Sistema de Informaci\u00f3n Contable<\/td>\n<td id=\"ctl00_ContentPlaceHolder1_TableCell26\" align=\"center\">3<\/td>\n<\/tr>\n<tr id=\"ctl00_ContentPlaceHolder1_TableRow14\">\n<td id=\"ctl00_ContentPlaceHolder1_TableCell27\" align=\"left\">\u00a0Administraci\u00f3n<\/td>\n<td id=\"ctl00_ContentPlaceHolder1_TableCell28\" align=\"center\">4<\/td>\n<\/tr>\n<tr id=\"ctl00_ContentPlaceHolder1_TableRow15\">\n<td id=\"ctl00_ContentPlaceHolder1_TableCell29\" align=\"left\">\u00a0Administraci\u00f3n de la Producci\u00f3n y la Comercializaci\u00f3n<\/td>\n<td id=\"ctl00_ContentPlaceHolder1_TableCell30\" align=\"center\">3<\/td>\n<\/tr>\n<tr id=\"ctl00_ContentPlaceHolder1_TableRow28\">\n<td id=\"ctl00_ContentPlaceHolder1_TableCell34\" align=\"left\">\u00a0Tecnolog\u00edas de la Informaci\u00f3n y la Comunicaci\u00f3n<\/td>\n<td id=\"ctl00_ContentPlaceHolder1_TableCell55\" align=\"center\">3<\/td>\n<\/tr>\n<tr id=\"ctl00_ContentPlaceHolder1_TableRow30\">\n<td id=\"ctl00_ContentPlaceHolder1_TableCell58\" align=\"left\">\u00a0Formaci\u00f3n religiosa<\/td>\n<td id=\"ctl00_ContentPlaceHolder1_TableCell59\" align=\"center\">2<\/td>\n<\/tr>\n<tr id=\"ctl00_ContentPlaceHolder1_TableRow16\">\n<td id=\"ctl00_ContentPlaceHolder1_TableCell31\"><\/td>\n<td id=\"ctl00_ContentPlaceHolder1_TableCell32\" style=\"text-align: center;\"><\/td>\n<\/tr>\n<\/tbody>\n<\/table>\n<p style=\"text-align: center;\">\n<table id=\"ctl00_ContentPlaceHolder1_Table2\" class=\"aligncenter\" style=\"height: 565px;\" border=\"1\" width=\"509\" rules=\"all\">\n<tbody>\n<tr id=\"ctl00_ContentPlaceHolder1_TableRow17\">\n<td id=\"ctl00_ContentPlaceHolder1_TableCell33\">\n<h2>\u00a0QUINTO A\u00d1O<\/h2>\n<\/td>\n<\/tr>\n<tr id=\"ctl00_ContentPlaceHolder1_TableRow42\">\n<td id=\"ctl00_ContentPlaceHolder1_TableCell83\" align=\"center\">Materia<\/td>\n<td id=\"ctl00_ContentPlaceHolder1_TableCell84\" align=\"center\">Horas c\u00e1tedra<\/td>\n<\/tr>\n<tr id=\"ctl00_ContentPlaceHolder1_TableRow43\">\n<td id=\"ctl00_ContentPlaceHolder1_TableCell85\" align=\"left\">\u00a0Matem\u00e1tica<\/td>\n<td id=\"ctl00_ContentPlaceHolder1_TableCell86\" align=\"center\">4<\/td>\n<\/tr>\n<tr id=\"ctl00_ContentPlaceHolder1_TableRow18\">\n<td id=\"ctl00_ContentPlaceHolder1_TableCell35\" align=\"left\">\u00a0Lengua y Literatura<\/td>\n<td id=\"ctl00_ContentPlaceHolder1_TableCell36\" align=\"center\">4<\/td>\n<\/tr>\n<tr id=\"ctl00_ContentPlaceHolder1_TableRow19\">\n<td id=\"ctl00_ContentPlaceHolder1_TableCell37\" align=\"left\">\u00a0F\u00edsica<\/td>\n<td id=\"ctl00_ContentPlaceHolder1_TableCell38\" align=\"center\">4<\/td>\n<\/tr>\n<tr id=\"ctl00_ContentPlaceHolder1_TableRow20\">\n<td id=\"ctl00_ContentPlaceHolder1_TableCell39\" align=\"left\">\u00a0Geograf\u00eda<\/td>\n<td id=\"ctl00_ContentPlaceHolder1_TableCell40\" align=\"center\">3<\/td>\n<\/tr>\n<tr id=\"ctl00_ContentPlaceHolder1_TableRow21\">\n<td id=\"ctl00_ContentPlaceHolder1_TableCell41\" align=\"left\">\u00a0Historia<\/td>\n<td id=\"ctl00_ContentPlaceHolder1_TableCell42\" align=\"center\">3<\/td>\n<\/tr>\n<tr id=\"ctl00_ContentPlaceHolder1_TableRow22\">\n<td id=\"ctl00_ContentPlaceHolder1_TableCell43\" align=\"left\">\u00a0Lengua extranjera &#8211; Ingl\u00e9s<\/td>\n<td id=\"ctl00_ContentPlaceHolder1_TableCell44\" align=\"center\">3<\/td>\n<\/tr>\n<tr id=\"ctl00_ContentPlaceHolder1_TableRow23\">\n<td id=\"ctl00_ContentPlaceHolder1_TableCell45\" align=\"left\">\u00a0Educaci\u00f3n Art\u00edstica &#8211; M\u00fasica<\/td>\n<td id=\"ctl00_ContentPlaceHolder1_TableCell46\" align=\"center\">3<\/td>\n<\/tr>\n<tr id=\"ctl00_ContentPlaceHolder1_TableRow24\">\n<td id=\"ctl00_ContentPlaceHolder1_TableCell47\" align=\"left\">\u00a0Psicolog\u00eda<\/td>\n<td id=\"ctl00_ContentPlaceHolder1_TableCell48\" align=\"center\">3<\/td>\n<\/tr>\n<tr id=\"ctl00_ContentPlaceHolder1_TableRow25\">\n<td id=\"ctl00_ContentPlaceHolder1_TableCell49\" align=\"left\">\u00a0Educaci\u00f3n F\u00edsica<\/td>\n<td id=\"ctl00_ContentPlaceHolder1_TableCell50\" align=\"center\">3<\/td>\n<\/tr>\n<tr id=\"ctl00_ContentPlaceHolder1_TableRow6\">\n<td id=\"ctl00_ContentPlaceHolder1_TableCell11\" align=\"left\">\u00a0Formaci\u00f3n para la Vida y el Trabajo<\/td>\n<td id=\"ctl00_ContentPlaceHolder1_TableCell12\" align=\"center\">3<\/td>\n<\/tr>\n<tr id=\"ctl00_ContentPlaceHolder1_TableRow26\">\n<td id=\"ctl00_ContentPlaceHolder1_TableCell51\" align=\"left\">\u00a0Sistemas de Informaci\u00f3n Contable<\/td>\n<td id=\"ctl00_ContentPlaceHolder1_TableCell52\" align=\"center\">5<\/td>\n<\/tr>\n<tr id=\"ctl00_ContentPlaceHolder1_TableRow27\">\n<td id=\"ctl00_ContentPlaceHolder1_TableCell53\" align=\"left\">\u00a0Administraci\u00f3n<\/td>\n<td id=\"ctl00_ContentPlaceHolder1_TableCell54\" align=\"center\">3<\/td>\n<\/tr>\n<tr id=\"ctl00_ContentPlaceHolder1_TableRow44\">\n<td id=\"ctl00_ContentPlaceHolder1_TableCell87\" align=\"left\">\u00a0Econom\u00eda<\/td>\n<td id=\"ctl00_ContentPlaceHolder1_TableCell88\" align=\"center\">3<\/td>\n<\/tr>\n<tr id=\"ctl00_ContentPlaceHolder1_TableRow45\">\n<td id=\"ctl00_ContentPlaceHolder1_TableCell89\" align=\"left\">\u00a0Responsabilidad Social Empresaria<\/td>\n<td id=\"ctl00_ContentPlaceHolder1_TableCell90\" align=\"center\">3<\/td>\n<\/tr>\n<tr id=\"ctl00_ContentPlaceHolder1_TableRow46\">\n<td id=\"ctl00_ContentPlaceHolder1_TableCell91\" align=\"left\">\u00a0Tecnolog\u00edas de la Informaci\u00f3n y la Comunicaci\u00f3n<\/td>\n<td id=\"ctl00_ContentPlaceHolder1_TableCell92\" align=\"center\">3<\/td>\n<\/tr>\n<tr id=\"ctl00_ContentPlaceHolder1_TableRow33\">\n<td id=\"ctl00_ContentPlaceHolder1_TableCell64\" align=\"left\">\u00a0Formaci\u00f3n religiosa<\/td>\n<td id=\"ctl00_ContentPlaceHolder1_TableCell65\" align=\"center\">2<\/td>\n<\/tr>\n<tr id=\"ctl00_ContentPlaceHolder1_TableRow80\">\n<td id=\"ctl00_ContentPlaceHolder1_TableCell159\"><\/td>\n<td id=\"ctl00_ContentPlaceHolder1_TableCell160\"><\/td>\n<\/tr>\n<\/tbody>\n<\/table>\n<p style=\"text-align: center;\">\n<table id=\"ctl00_ContentPlaceHolder1_Table3\" class=\"aligncenter\" style=\"height: 511px;\" border=\"1\" width=\"507\" rules=\"all\">\n<tbody>\n<tr id=\"ctl00_ContentPlaceHolder1_TableRow81\">\n<td id=\"ctl00_ContentPlaceHolder1_TableCell161\">\n<h2>\u00a0SEXTO A\u00d1O<\/h2>\n<\/td>\n<\/tr>\n<tr id=\"ctl00_ContentPlaceHolder1_TableRow82\">\n<td id=\"ctl00_ContentPlaceHolder1_TableCell163\" align=\"center\">Materia<\/td>\n<td id=\"ctl00_ContentPlaceHolder1_TableCell164\" align=\"center\">Horas c\u00e1tedra<\/td>\n<\/tr>\n<tr id=\"ctl00_ContentPlaceHolder1_TableRow47\">\n<td id=\"ctl00_ContentPlaceHolder1_TableCell93\" align=\"left\">\u00a0Matem\u00e1tica<\/td>\n<td id=\"ctl00_ContentPlaceHolder1_TableCell94\" align=\"center\">4<\/td>\n<\/tr>\n<tr id=\"ctl00_ContentPlaceHolder1_TableRow48\">\n<td id=\"ctl00_ContentPlaceHolder1_TableCell95\" align=\"left\">\u00a0Lengua y Literatura<\/td>\n<td id=\"ctl00_ContentPlaceHolder1_TableCell96\" align=\"center\">4<\/td>\n<\/tr>\n<tr id=\"ctl00_ContentPlaceHolder1_TableRow49\">\n<td id=\"ctl00_ContentPlaceHolder1_TableCell97\" align=\"left\">\u00a0Qu\u00edmica<\/td>\n<td id=\"ctl00_ContentPlaceHolder1_TableCell98\" align=\"center\">4<\/td>\n<\/tr>\n<tr id=\"ctl00_ContentPlaceHolder1_TableRow50\">\n<td id=\"ctl00_ContentPlaceHolder1_TableCell99\" align=\"left\"><span lang=\"ES-TRAD\">\u00a0Lengua extranjera: Ingl\u00e9s<\/span><\/td>\n<td id=\"ctl00_ContentPlaceHolder1_TableCell100\" align=\"center\">3<\/td>\n<\/tr>\n<tr id=\"ctl00_ContentPlaceHolder1_TableRow51\">\n<td id=\"ctl00_ContentPlaceHolder1_TableCell101\" align=\"left\"><span lang=\"ES-TRAD\">\u00a0Educaci\u00f3n art\u00edstica &#8211; Teatro<\/span><\/td>\n<td id=\"ctl00_ContentPlaceHolder1_TableCell102\" align=\"center\">3<\/td>\n<\/tr>\n<tr id=\"ctl00_ContentPlaceHolder1_TableRow52\">\n<td id=\"ctl00_ContentPlaceHolder1_TableCell103\" align=\"left\"><span lang=\"ES-TRAD\">\u00a0Ciudadan\u00eda y Pol\u00edtica<\/span><\/td>\n<td id=\"ctl00_ContentPlaceHolder1_TableCell104\" align=\"center\">3<\/td>\n<\/tr>\n<tr id=\"ctl00_ContentPlaceHolder1_TableRow53\">\n<td id=\"ctl00_ContentPlaceHolder1_TableCell105\" align=\"left\"><span lang=\"ES-TRAD\">\u00a0Filosof\u00eda<\/span><\/td>\n<td id=\"ctl00_ContentPlaceHolder1_TableCell106\" align=\"center\">3<\/td>\n<\/tr>\n<tr id=\"ctl00_ContentPlaceHolder1_TableRow54\">\n<td id=\"ctl00_ContentPlaceHolder1_TableCell107\" align=\"left\"><span lang=\"ES-TRAD\">\u00a0Educaci\u00f3n F\u00edsica<\/span><\/td>\n<td id=\"ctl00_ContentPlaceHolder1_TableCell108\" align=\"center\">3<\/td>\n<\/tr>\n<tr id=\"ctl00_ContentPlaceHolder1_TableRow55\">\n<td id=\"ctl00_ContentPlaceHolder1_TableCell109\" align=\"left\"><span lang=\"ES-TRAD\">\u00a0Formaci\u00f3n para la Vida y el Trabajo<\/span><\/td>\n<td id=\"ctl00_ContentPlaceHolder1_TableCell110\" align=\"center\">3<\/td>\n<\/tr>\n<tr id=\"ctl00_ContentPlaceHolder1_TableRow56\">\n<td id=\"ctl00_ContentPlaceHolder1_TableCell111\" align=\"left\"><span lang=\"ES-TRAD\">\u00a0Sistemas de Informaci\u00f3n contable<\/span><\/td>\n<td id=\"ctl00_ContentPlaceHolder1_TableCell112\" align=\"center\">5<\/td>\n<\/tr>\n<tr id=\"ctl00_ContentPlaceHolder1_TableRow57\">\n<td id=\"ctl00_ContentPlaceHolder1_TableCell113\" align=\"left\"><span lang=\"ES-TRAD\">\u00a0Administraci\u00f3n<\/span><\/td>\n<td id=\"ctl00_ContentPlaceHolder1_TableCell114\" align=\"center\">3<\/td>\n<\/tr>\n<tr id=\"ctl00_ContentPlaceHolder1_TableRow58\">\n<td id=\"ctl00_ContentPlaceHolder1_TableCell115\" align=\"left\"><span lang=\"ES-TRAD\">\u00a0Econom\u00eda<\/span><\/td>\n<td id=\"ctl00_ContentPlaceHolder1_TableCell116\" align=\"center\">3<\/td>\n<\/tr>\n<tr id=\"ctl00_ContentPlaceHolder1_TableRow59\">\n<td id=\"ctl00_ContentPlaceHolder1_TableCell117\" align=\"left\"><span lang=\"ES-TRAD\">\u00a0Derecho<\/span><\/td>\n<td id=\"ctl00_ContentPlaceHolder1_TableCell118\" align=\"center\">3<\/td>\n<\/tr>\n<tr id=\"ctl00_ContentPlaceHolder1_TableRow34\">\n<td id=\"ctl00_ContentPlaceHolder1_TableCell66\" align=\"left\"><span lang=\"ES-TRAD\">\u00a0Administraci\u00f3n financiera<\/span><\/td>\n<td id=\"ctl00_ContentPlaceHolder1_TableCell67\" align=\"center\">4<\/td>\n<\/tr>\n<tr id=\"ctl00_ContentPlaceHolder1_TableRow35\">\n<td id=\"ctl00_ContentPlaceHolder1_TableCell68\" align=\"left\"><span lang=\"ES-TRAD\">\u00a0Administraci\u00f3n de recursos humanos<\/span><\/td>\n<td id=\"ctl00_ContentPlaceHolder1_TableCell69\" align=\"center\">4<\/td>\n<\/tr>\n<\/tbody>\n<\/table>\n<p style=\"text-align: center;\">\n","protected":false},"excerpt":{"rendered":"<p>CICLO B\u00c1SICO \u00a0PRIMER A\u00d1O Materia Horas c\u00e1tedra \u00a0Lengua y literatura 5 \u00a0Matem\u00e1tica 5 \u00a0Ciencias Naturales &#8211; Biolog\u00eda 3 \u00a0Ciencias Naturales &#8211; F\u00edsica 3 \u00a0Ciencias Sociales &#8211; Geograf\u00eda 5 \u00a0Lengua Extranjera &#8211; Ingl\u00e9s 3 \u00a0Educaci\u00f3n Art\u00edstica 3 \u00a0Educaci\u00f3n tecnol\u00f3gica 4 \u00a0Ciudadan\u00eda y Participaci\u00f3n 3 \u00a0Educaci\u00f3n f\u00edsica 3 \u00a0Formaci\u00f3n religiosa 2 \u00a0SEGUNDO A\u00d1O Materia Horas c\u00e1tedra \u00a0Lengua [&hellip;]<\/p>\n","protected":false},"author":4,"featured_media":0,"parent":0,"menu_order":0,"comment_status":"closed","ping_status":"closed","template":"","meta":{"_acf_changed":false,"footnotes":""},"class_list":["post-13195","page","type-page","status-publish","hentry"],"acf":[],"_links":{"self":[{"href":"https:\/\/colegioinmaculada.com.ar\/portal\/wp-json\/wp\/v2\/pages\/13195","targetHints":{"allow":["GET"]}}],"collection":[{"href":"https:\/\/colegioinmaculada.com.ar\/portal\/wp-json\/wp\/v2\/pages"}],"about":[{"href":"https:\/\/colegioinmaculada.com.ar\/portal\/wp-json\/wp\/v2\/types\/page"}],"author":[{"embeddable":true,"href":"https:\/\/colegioinmaculada.com.ar\/portal\/wp-json\/wp\/v2\/users\/4"}],"replies":[{"embeddable":true,"href":"https:\/\/colegioinmaculada.com.ar\/portal\/wp-json\/wp\/v2\/comments?post=13195"}],"version-history":[{"count":1,"href":"https:\/\/colegioinmaculada.com.ar\/portal\/wp-json\/wp\/v2\/pages\/13195\/revisions"}],"predecessor-version":[{"id":13196,"href":"https:\/\/colegioinmaculada.com.ar\/portal\/wp-json\/wp\/v2\/pages\/13195\/revisions\/13196"}],"wp:attachment":[{"href":"https:\/\/colegioinmaculada.com.ar\/portal\/wp-json\/wp\/v2\/media?parent=13195"}],"curies":[{"name":"wp","href":"https:\/\/api.w.org\/{rel}","templated":true}]}}