{"id":13192,"date":"2021-07-01T15:07:34","date_gmt":"2021-07-01T18:07:34","guid":{"rendered":"https:\/\/colegioinmaculada.com.ar\/portal\/?page_id=13192"},"modified":"2021-07-01T15:07:34","modified_gmt":"2021-07-01T18:07:34","slug":"perfil-del-estudiante-nivel-secundario","status":"publish","type":"page","link":"https:\/\/colegioinmaculada.com.ar\/portal\/perfil-del-estudiante-nivel-secundario\/","title":{"rendered":"Perfil del Estudiante Nivel Secundario"},"content":{"rendered":"<ul>\n<li><span lang=\"ES-TRAD\">El t\u00edtulo otorgante es \u201cBachiller en Econom\u00eda y Administraci\u00f3n\u201d<\/span><\/li>\n<li>Formar egresados capaces de comprender el \u00e1mbito cultural.<\/li>\n<li>Que sea un joven capaz de internalizar y utilizar como propios los conocimientos adquiridos, adecu\u00e1ndose a la realidad en la que se inserte a trav\u00e9s de procedimientos que se puedan expresar en resultados de eficiencia y calidad, con conductas emanadas de una \u00e9tica profesional y donde primen los valores como el respeto al pr\u00f3jimo, honestidad, laboriosidad y pertenencia al \u00e1mbito en el que se desempe\u00f1a.<\/li>\n<li>Que sea una persona cuya imagen refleje las capacidades y valores en los que se form\u00f3. Correcci\u00f3n en el decir y el hacer.<\/li>\n<li>Presentaci\u00f3n personal acorde a los \u00e1mbitos y espacios en los que se va a desempe\u00f1ar.<\/li>\n<li>Egresado que desde una cosmovisi\u00f3n cristiana sea capaz de interpretar el \u00e1mbito cultural y el medio que integra.<\/li>\n<li>Egresado con capacidad de razonamiento y actitud cr\u00edtica y creadora.<\/li>\n<li>Alumno capacitado en t\u00e9cnicas de investigaci\u00f3n cient\u00edfica y en la pertenencia de su aplicaci\u00f3n a la gesti\u00f3n de las organizaciones.<\/li>\n<li>Egresado capaz de integrar equipos de trabajo con amplitud de criterio, en especial los referidos a la comercializaci\u00f3n.<\/li>\n<li>Egresado capaz de ser motor de cambio de la sociedad informatizada y postindustrial.<\/li>\n<li>Un egresado que desde una concepci\u00f3n humanista, asuma una actitud cr\u00edtica frente al uso de nuevas tecnolog\u00edas.<\/li>\n<li>Egresado capaz de invertir en la planificaci\u00f3n, ejecuci\u00f3n y control de las gesti\u00f3n de las organizaciones, en especial en las de comercializaci\u00f3n de productos y\/o servicios.<\/li>\n<li>Egresado capaz de reconocer la necesidad de investigar y analizar mercados.<\/li>\n<li>Egresado capaz de reconocer la importancia de la administraci\u00f3n de la organizaciones.<\/li>\n<li>Egresado capaz de implementar el marketing en las organizaciones.<\/li>\n<li>Egresado capaz de utilizar t\u00e9cnicas apropiadas para conseguir y producir informaci\u00f3n.<\/li>\n<li>Egresado capaz de interpretar la informaci\u00f3n requerida para la toma de decisiones en la organizaci\u00f3n.<\/li>\n<li>Egresado capaz de reconocer la significaci\u00f3n y la importancia de los recursos humanos en las organizaciones.<\/li>\n<\/ul>\n<p>&nbsp;<\/p>\n","protected":false},"excerpt":{"rendered":"<p>El t\u00edtulo otorgante es \u201cBachiller en Econom\u00eda y Administraci\u00f3n\u201d Formar egresados capaces de comprender el \u00e1mbito cultural. Que sea un joven capaz de internalizar y utilizar como propios los conocimientos adquiridos, adecu\u00e1ndose a la realidad en la que se inserte a trav\u00e9s de procedimientos que se puedan expresar en resultados de eficiencia y calidad, con [&hellip;]<\/p>\n","protected":false},"author":4,"featured_media":0,"parent":0,"menu_order":0,"comment_status":"closed","ping_status":"closed","template":"","meta":{"_acf_changed":false,"footnotes":""},"class_list":["post-13192","page","type-page","status-publish","hentry"],"acf":[],"_links":{"self":[{"href":"https:\/\/colegioinmaculada.com.ar\/portal\/wp-json\/wp\/v2\/pages\/13192","targetHints":{"allow":["GET"]}}],"collection":[{"href":"https:\/\/colegioinmaculada.com.ar\/portal\/wp-json\/wp\/v2\/pages"}],"about":[{"href":"https:\/\/colegioinmaculada.com.ar\/portal\/wp-json\/wp\/v2\/types\/page"}],"author":[{"embeddable":true,"href":"https:\/\/colegioinmaculada.com.ar\/portal\/wp-json\/wp\/v2\/users\/4"}],"replies":[{"embeddable":true,"href":"https:\/\/colegioinmaculada.com.ar\/portal\/wp-json\/wp\/v2\/comments?post=13192"}],"version-history":[{"count":1,"href":"https:\/\/colegioinmaculada.com.ar\/portal\/wp-json\/wp\/v2\/pages\/13192\/revisions"}],"predecessor-version":[{"id":13193,"href":"https:\/\/colegioinmaculada.com.ar\/portal\/wp-json\/wp\/v2\/pages\/13192\/revisions\/13193"}],"wp:attachment":[{"href":"https:\/\/colegioinmaculada.com.ar\/portal\/wp-json\/wp\/v2\/media?parent=13192"}],"curies":[{"name":"wp","href":"https:\/\/api.w.org\/{rel}","templated":true}]}}