{"id":12520,"date":"2021-04-29T15:00:18","date_gmt":"2021-04-29T18:00:18","guid":{"rendered":"https:\/\/colegioinmaculada.com.ar\/portal\/?page_id=12520"},"modified":"2025-06-06T13:27:10","modified_gmt":"2025-06-06T16:27:10","slug":"ingreso-a-nivel-inicial","status":"publish","type":"page","link":"https:\/\/colegioinmaculada.com.ar\/portal\/ingreso-a-nivel-inicial\/","title":{"rendered":"Ingreso a Nivel Inicial"},"content":{"rendered":"<p><strong>SOLICITUD DE INGRESO AL NIVEL INICIAL CICLO 2026<\/strong><\/p>\n<p>Se encuentra habilitado el formulario de aspirantes para el ingreso al Nivel Inicial. Queda habilitado el formulario para solicitud de banco para el presente <strong>ciclo 2026.<\/strong><br \/>\nPodr\u00e1n acceder directamente a trav\u00e9s del \u00a0siguiente link:<\/p>\n<p style=\"text-align: center;\"><span style=\"color: #000080;\">\u00a0 \u00a0<a style=\"color: #000080;\" href=\"https:\/\/colegioinmaculada.com.ar\/inmaculadaonline\/app\/0step-1.php\">https:\/\/colegioinmaculada.com.ar\/inmaculadaonline\/app\/0step-1.php<\/a><\/span><\/p>\n<p>Recordar que los ni\u00f1os postulantes, deber\u00e1n tener la edad cumplida al 30 de junio del a\u00f1o 2026.<\/p>\n<p>El ingreso a la Instituci\u00f3n tanto de hermanos como de otros estudiantes, ser\u00e1 \u00fanica y exclusivamente por sala de 3 y 4, quedando sujeto el ingreso en sala de 5, a la disponibilidad de vacantes.<\/p>\n<p>&nbsp;<\/p>\n<p>Para consultas:<\/p>\n<p>secretariainicialprimario@colegiodelainmaculada.edu.ar<\/p>\n<p>Horario de 8.00 a 13.00 hs.<\/p>\n<p>&nbsp;<\/p>\n<p>Direcci\u00f3n de Nivel Inicial<\/p>\n","protected":false},"excerpt":{"rendered":"<p>SOLICITUD DE INGRESO AL NIVEL INICIAL CICLO 2026 Se encuentra habilitado el formulario de aspirantes para el ingreso al Nivel Inicial. Queda habilitado el formulario para solicitud de banco para el presente ciclo 2026. Podr\u00e1n acceder directamente a trav\u00e9s del \u00a0siguiente link: \u00a0 \u00a0https:\/\/colegioinmaculada.com.ar\/inmaculadaonline\/app\/0step-1.php Recordar que los ni\u00f1os postulantes, deber\u00e1n tener la edad cumplida al [&hellip;]<\/p>\n","protected":false},"author":4,"featured_media":0,"parent":0,"menu_order":0,"comment_status":"closed","ping_status":"closed","template":"","meta":{"_acf_changed":false,"footnotes":""},"class_list":["post-12520","page","type-page","status-publish","hentry"],"acf":[],"_links":{"self":[{"href":"https:\/\/colegioinmaculada.com.ar\/portal\/wp-json\/wp\/v2\/pages\/12520","targetHints":{"allow":["GET"]}}],"collection":[{"href":"https:\/\/colegioinmaculada.com.ar\/portal\/wp-json\/wp\/v2\/pages"}],"about":[{"href":"https:\/\/colegioinmaculada.com.ar\/portal\/wp-json\/wp\/v2\/types\/page"}],"author":[{"embeddable":true,"href":"https:\/\/colegioinmaculada.com.ar\/portal\/wp-json\/wp\/v2\/users\/4"}],"replies":[{"embeddable":true,"href":"https:\/\/colegioinmaculada.com.ar\/portal\/wp-json\/wp\/v2\/comments?post=12520"}],"version-history":[{"count":9,"href":"https:\/\/colegioinmaculada.com.ar\/portal\/wp-json\/wp\/v2\/pages\/12520\/revisions"}],"predecessor-version":[{"id":42396,"href":"https:\/\/colegioinmaculada.com.ar\/portal\/wp-json\/wp\/v2\/pages\/12520\/revisions\/42396"}],"wp:attachment":[{"href":"https:\/\/colegioinmaculada.com.ar\/portal\/wp-json\/wp\/v2\/media?parent=12520"}],"curies":[{"name":"wp","href":"https:\/\/api.w.org\/{rel}","templated":true}]}}