{"id":12505,"date":"2021-04-29T13:38:07","date_gmt":"2021-04-29T16:38:07","guid":{"rendered":"https:\/\/colegioinmaculada.com.ar\/portal\/?page_id=12505"},"modified":"2025-10-01T12:37:58","modified_gmt":"2025-10-01T15:37:58","slug":"uniforme-nivel-inicial","status":"publish","type":"page","link":"https:\/\/colegioinmaculada.com.ar\/portal\/uniforme-nivel-inicial\/","title":{"rendered":"Uniforme Nivel Inicial"},"content":{"rendered":"<div>Guardapolvo del jard\u00edn,\u00a0 debajo del mismo,\u00a0 remera o buzo azul con nombre bordado, mochila del uniforme, zapatillas con abrojo color azul, medias azules.<\/div>\n<p><img loading=\"lazy\" decoding=\"async\" class=\"aligncenter  wp-image-44240\" src=\"https:\/\/colegioinmaculada.com.ar\/portal\/wp-content\/uploads\/2025\/10\/uniforme-jardin-nena.png\" alt=\"\" width=\"576\" height=\"376\" \/><\/p>\n<div>Para educaci\u00f3n f\u00edsica: equipo de jogging azul, remera blanca del jard\u00edn, pantal\u00f3n corto azul, medias azules y zapatillas azules.<\/div>\n<div>\n<p>(solicitar lugar de compra en recepci\u00f3n)<\/p>\n<\/div>\n<p>&nbsp;<\/p>\n","protected":false},"excerpt":{"rendered":"<p>Guardapolvo del jard\u00edn,\u00a0 debajo del mismo,\u00a0 remera o buzo azul con nombre bordado, mochila del uniforme, zapatillas con abrojo color azul, medias azules. Para educaci\u00f3n f\u00edsica: equipo de jogging azul, remera blanca del jard\u00edn, pantal\u00f3n corto azul, medias azules y zapatillas azules. (solicitar lugar de compra en recepci\u00f3n) &nbsp;<\/p>\n","protected":false},"author":4,"featured_media":0,"parent":0,"menu_order":0,"comment_status":"closed","ping_status":"closed","template":"","meta":{"_acf_changed":false,"footnotes":""},"class_list":["post-12505","page","type-page","status-publish","hentry"],"acf":[],"_links":{"self":[{"href":"https:\/\/colegioinmaculada.com.ar\/portal\/wp-json\/wp\/v2\/pages\/12505","targetHints":{"allow":["GET"]}}],"collection":[{"href":"https:\/\/colegioinmaculada.com.ar\/portal\/wp-json\/wp\/v2\/pages"}],"about":[{"href":"https:\/\/colegioinmaculada.com.ar\/portal\/wp-json\/wp\/v2\/types\/page"}],"author":[{"embeddable":true,"href":"https:\/\/colegioinmaculada.com.ar\/portal\/wp-json\/wp\/v2\/users\/4"}],"replies":[{"embeddable":true,"href":"https:\/\/colegioinmaculada.com.ar\/portal\/wp-json\/wp\/v2\/comments?post=12505"}],"version-history":[{"count":3,"href":"https:\/\/colegioinmaculada.com.ar\/portal\/wp-json\/wp\/v2\/pages\/12505\/revisions"}],"predecessor-version":[{"id":44241,"href":"https:\/\/colegioinmaculada.com.ar\/portal\/wp-json\/wp\/v2\/pages\/12505\/revisions\/44241"}],"wp:attachment":[{"href":"https:\/\/colegioinmaculada.com.ar\/portal\/wp-json\/wp\/v2\/media?parent=12505"}],"curies":[{"name":"wp","href":"https:\/\/api.w.org\/{rel}","templated":true}]}}